{"id":1258,"date":"2022-07-25T11:13:54","date_gmt":"2022-07-25T11:13:54","guid":{"rendered":"https:\/\/dev.fundacioitinerarium.org\/descarrega\/"},"modified":"2022-11-29T10:10:48","modified_gmt":"2022-11-29T10:10:48","slug":"descarrega","status":"publish","type":"page","link":"https:\/\/www.fundacioitinerarium.org\/ca\/descarrega\/","title":{"rendered":"Descarrega"},"content":{"rendered":"\t\t<div data-elementor-type=\"wp-page\" data-elementor-id=\"1258\" class=\"elementor elementor-1258\">\n\t\t\t\t\t\t\t\t\t<section class=\"elementor-section elementor-top-section elementor-element elementor-element-eec7762 elementor-section-boxed elementor-section-height-default elementor-section-height-default\" data-id=\"eec7762\" data-element_type=\"section\">\n\t\t\t\t\t\t<div class=\"elementor-container elementor-column-gap-default\">\n\t\t\t\t\t<div class=\"elementor-column elementor-col-100 elementor-top-column elementor-element elementor-element-19049d9\" data-id=\"19049d9\" data-element_type=\"column\">\n\t\t\t<div class=\"elementor-widget-wrap elementor-element-populated\">\n\t\t\t\t\t\t\t\t<div class=\"elementor-element elementor-element-5336b54 elementor-widget elementor-widget-heading\" data-id=\"5336b54\" data-element_type=\"widget\" data-widget_type=\"heading.default\">\n\t\t\t\t<div class=\"elementor-widget-container\">\n\t\t\t<style>\/*! elementor - v3.8.1 - 13-11-2022 *\/\n.elementor-heading-title{padding:0;margin:0;line-height:1}.elementor-widget-heading .elementor-heading-title[class*=elementor-size-]>a{color:inherit;font-size:inherit;line-height:inherit}.elementor-widget-heading .elementor-heading-title.elementor-size-small{font-size:15px}.elementor-widget-heading .elementor-heading-title.elementor-size-medium{font-size:19px}.elementor-widget-heading .elementor-heading-title.elementor-size-large{font-size:29px}.elementor-widget-heading .elementor-heading-title.elementor-size-xl{font-size:39px}.elementor-widget-heading .elementor-heading-title.elementor-size-xxl{font-size:59px}<\/style><h2 class=\"elementor-heading-title elementor-size-default\">Descarrega la tipografia<\/h2>\t\t<\/div>\n\t\t\t\t<\/div>\n\t\t\t\t\t<\/div>\n\t\t<\/div>\n\t\t\t\t\t\t\t<\/div>\n\t\t<\/section>\n\t\t\t\t<section class=\"elementor-section elementor-top-section elementor-element elementor-element-d5f64c1 elementor-section-boxed elementor-section-height-default elementor-section-height-default\" data-id=\"d5f64c1\" data-element_type=\"section\">\n\t\t\t\t\t\t<div class=\"elementor-container elementor-column-gap-default\">\n\t\t\t\t\t<div class=\"elementor-column elementor-col-100 elementor-top-column elementor-element elementor-element-85947a3\" data-id=\"85947a3\" data-element_type=\"column\">\n\t\t\t<div class=\"elementor-widget-wrap elementor-element-populated\">\n\t\t\t\t\t\t\t\t<div class=\"elementor-element elementor-element-5383de0 elementor-widget elementor-widget-image\" data-id=\"5383de0\" data-element_type=\"widget\" data-widget_type=\"image.default\">\n\t\t\t\t<div class=\"elementor-widget-container\">\n\t\t\t<style>\/*! elementor - v3.8.1 - 13-11-2022 *\/\n.elementor-widget-image{text-align:center}.elementor-widget-image a{display:inline-block}.elementor-widget-image a img[src$=\".svg\"]{width:48px}.elementor-widget-image img{vertical-align:middle;display:inline-block}<\/style>\t\t\t\t\t\t\t\t\t\t\t\t\t<a href=\"https:\/\/www.fundacioitinerarium.org\/wp-content\/uploads\/2022\/11\/Anna.otf.zip\">\n\t\t\t\t\t\t\t<img decoding=\"async\" width=\"1024\" height=\"341\" src=\"https:\/\/www.fundacioitinerarium.org\/wp-content\/uploads\/2022\/07\/banner_tipografia-01-01-1024x341.jpg\" class=\"attachment-large size-large\" alt=\"\" loading=\"lazy\" srcset=\"https:\/\/www.fundacioitinerarium.org\/wp-content\/uploads\/2022\/07\/banner_tipografia-01-01-1024x341.jpg 1024w, https:\/\/www.fundacioitinerarium.org\/wp-content\/uploads\/2022\/07\/banner_tipografia-01-01-300x100.jpg 300w, https:\/\/www.fundacioitinerarium.org\/wp-content\/uploads\/2022\/07\/banner_tipografia-01-01-768x256.jpg 768w, https:\/\/www.fundacioitinerarium.org\/wp-content\/uploads\/2022\/07\/banner_tipografia-01-01-1536x512.jpg 1536w, https:\/\/www.fundacioitinerarium.org\/wp-content\/uploads\/2022\/07\/banner_tipografia-01-01-2048x683.jpg 2048w\" sizes=\"(max-width: 1024px) 100vw, 1024px\" \/>\t\t\t\t\t\t\t\t<\/a>\n\t\t\t\t\t\t\t\t\t\t\t\t\t\t\t<\/div>\n\t\t\t\t<\/div>\n\t\t\t\t<div class=\"elementor-element elementor-element-f939b59 elementor-widget elementor-widget-text-editor\" data-id=\"f939b59\" data-element_type=\"widget\" data-widget_type=\"text-editor.default\">\n\t\t\t\t<div class=\"elementor-widget-container\">\n\t\t\t<style>\/*! elementor - v3.8.1 - 13-11-2022 *\/\n.elementor-widget-text-editor.elementor-drop-cap-view-stacked .elementor-drop-cap{background-color:#818a91;color:#fff}.elementor-widget-text-editor.elementor-drop-cap-view-framed .elementor-drop-cap{color:#818a91;border:3px solid;background-color:transparent}.elementor-widget-text-editor:not(.elementor-drop-cap-view-default) .elementor-drop-cap{margin-top:8px}.elementor-widget-text-editor:not(.elementor-drop-cap-view-default) .elementor-drop-cap-letter{width:1em;height:1em}.elementor-widget-text-editor .elementor-drop-cap{float:left;text-align:center;line-height:1;font-size:50px}.elementor-widget-text-editor .elementor-drop-cap-letter{display:inline-block}<\/style>\t\t\t\t<p><strong>IMPORTANT<\/strong><\/p><div class=\"one-half\"><p>La Fundaci\u00f3\u00a0<span class=\"hiddenSpellError\">Itinerarium<\/span>\u00a0cedeix la tipografia d&#8217;Anna gratu\u00eftament \u00fanicament per a usos particulars (no accionis comercials) i escoles del m\u00f3n. <strong>Per a projectes publicitaris o comercials (empresa, botiga, restaurant, ag\u00e8ncia, club esportiu i altres) i tamb\u00e9 si ets una fundaci\u00f3 o associaci\u00f3 sense \u00e0nim de lucre cal posar-se en contacte per a estudiar la iniciativa:<\/strong>\u00a0<span class=\"hiddenGrammarError\" style=\"padding-bottom: 2px; background-image: url('..\/..\/..\/..\/..\/images\/squiggle.png'); background-repeat: repeat-x; background-position: left bottom; cursor: default; color: #000000; font-family: 'Open Sans', Helvetica, Arial, sans-serif; font-size: 16px; font-style: normal; font-variant-ligatures: normal; font-variant-caps: normal; font-weight: 300; letter-spacing: normal; orphans: 2; text-align: start; text-indent: 0px; text-transform: none; white-space: normal; widows: 2; word-spacing: 0px; -webkit-text-stroke-width: 0px; text-decoration-thickness: initial; text-decoration-style: initial; text-decoration-color: initial;\">marcvives@fundacioitinerarium.org<\/span><\/p><\/div>\t\t\t\t\t\t<\/div>\n\t\t\t\t<\/div>\n\t\t\t\t<section class=\"elementor-section elementor-inner-section elementor-element elementor-element-2dcc41d elementor-section-boxed elementor-section-height-default elementor-section-height-default\" data-id=\"2dcc41d\" data-element_type=\"section\">\n\t\t\t\t\t\t<div class=\"elementor-container elementor-column-gap-custom\">\n\t\t\t\t\t<div class=\"elementor-column elementor-col-50 elementor-inner-column elementor-element elementor-element-1cd5414\" data-id=\"1cd5414\" data-element_type=\"column\">\n\t\t\t<div class=\"elementor-widget-wrap elementor-element-populated\">\n\t\t\t\t\t\t\t\t<div class=\"elementor-element elementor-element-754d3a1 elementor-widget elementor-widget-heading\" data-id=\"754d3a1\" data-element_type=\"widget\" data-widget_type=\"heading.default\">\n\t\t\t\t<div class=\"elementor-widget-container\">\n\t\t\t<h5 class=\"elementor-heading-title elementor-size-default\">Instal\u00b7laci\u00f3 sobre Windows\n<\/h5>\t\t<\/div>\n\t\t\t\t<\/div>\n\t\t\t\t<div class=\"elementor-element elementor-element-4b0a58f elementor-widget elementor-widget-text-editor\" data-id=\"4b0a58f\" data-element_type=\"widget\" data-widget_type=\"text-editor.default\">\n\t\t\t\t<div class=\"elementor-widget-container\">\n\t\t\t\t\t\t\t<p>Per instal\u00b7lar la tipografia sobre la plataforma windows nom\u00e9s has de descomprimir el fitxer descarregat, fer doble clic sobre l\u2019arxiu amb extensi\u00f3 TFT (TrueType) i pr\u00e9mer la tecla instal\u00b7lar. Si tenies algun programa obert nom\u00e9s caldr\u00e0 tancar-lo i tornar-lo a obrir.<\/p><p>Si disposes d\u2019un sistema operatiu windows antic caldr\u00e0 que arrosseguis el fitxer TFT a la carpeta C:\/WINDOWS\/FONTS<\/p><p>Per instal\u00b7lar una nova versi\u00f3 caldr\u00e0 esborrar l\u2019anterior.\u00a0Aquesta tipografia \u00e9s 100% compatible amb\u00a0<strong>Linux<\/strong>. La seva instal\u00b7laci\u00f3 dependr\u00e0 de la distribuci\u00f3 Linux que feu servir.<\/p>\t\t\t\t\t\t<\/div>\n\t\t\t\t<\/div>\n\t\t\t\t\t<\/div>\n\t\t<\/div>\n\t\t\t\t<div class=\"elementor-column elementor-col-50 elementor-inner-column elementor-element elementor-element-ed0505e\" data-id=\"ed0505e\" data-element_type=\"column\">\n\t\t\t<div class=\"elementor-widget-wrap elementor-element-populated\">\n\t\t\t\t\t\t\t\t<div class=\"elementor-element elementor-element-42850cf elementor-widget elementor-widget-heading\" data-id=\"42850cf\" data-element_type=\"widget\" data-widget_type=\"heading.default\">\n\t\t\t\t<div class=\"elementor-widget-container\">\n\t\t\t<h5 class=\"elementor-heading-title elementor-size-default\">Instal\u00b7laci\u00f3 sobre Mac<\/h5>\t\t<\/div>\n\t\t\t\t<\/div>\n\t\t\t\t<div class=\"elementor-element elementor-element-da8918e elementor-widget elementor-widget-text-editor\" data-id=\"da8918e\" data-element_type=\"widget\" data-widget_type=\"text-editor.default\">\n\t\t\t\t<div class=\"elementor-widget-container\">\n\t\t\t\t\t\t\t<p>Per instal\u00b7lar la tipografia sobre la plataforma Mac nom\u00e9s has de descomprimir el fitxer descarregat, fer doble clic sobre l\u2019arxiu amb extensi\u00f3 TFT (TrueType) i pr\u00e9mer la tecla instal\u00b7lar. Si tenies algun programa obert nom\u00e9s caldr\u00e0 tancar-lo i tornar-lo a obrir.<\/p><p>Per instal\u00b7lar una nova versi\u00f3 caldr\u00e0 esborrar l\u2019anterior. \u00a0Aquesta tipografia \u00e9s 100% compatible amb\u00a0<strong>Linux<\/strong>. La seva instal\u00b7laci\u00f3 dependr\u00e0 de la distribuci\u00f3 Linux que feu servir.<\/p>\t\t\t\t\t\t<\/div>\n\t\t\t\t<\/div>\n\t\t\t\t\t<\/div>\n\t\t<\/div>\n\t\t\t\t\t\t\t<\/div>\n\t\t<\/section>\n\t\t\t\t\t<\/div>\n\t\t<\/div>\n\t\t\t\t\t\t\t<\/div>\n\t\t<\/section>\n\t\t\t\t\t\t\t<\/div>\n\t\t","protected":false},"excerpt":{"rendered":"<p>Descarrega la tipografia IMPORTANT La Fundaci\u00f3\u00a0Itinerarium\u00a0cedeix la tipografia d&#8217;Anna gratu\u00eftament \u00fanicament per a usos particulars (no accionis comercials) i escoles del m\u00f3n. Per a projectes publicitaris o comercials (empresa, botiga, restaurant, ag\u00e8ncia, club esportiu i altres) i tamb\u00e9 si ets una fundaci\u00f3 o associaci\u00f3 sense \u00e0nim de lucre cal posar-se en contacte per a estudiar &hellip;<\/p>\n<p class=\"read-more\"> <a class=\"\" href=\"https:\/\/www.fundacioitinerarium.org\/ca\/descarrega\/\"> <span class=\"screen-reader-text\">Descarrega<\/span> Read More \u00bb<\/a><\/p>\n","protected":false},"author":1,"featured_media":0,"parent":0,"menu_order":0,"comment_status":"closed","ping_status":"closed","template":"","meta":{"site-sidebar-layout":"no-sidebar","site-content-layout":"page-builder","ast-global-header-display":"","ast-main-header-display":"","ast-hfb-above-header-display":"","ast-hfb-below-header-display":"","ast-hfb-mobile-header-display":"","site-post-title":"disabled","ast-breadcrumbs-content":"","ast-featured-img":"disabled","footer-sml-layout":"","theme-transparent-header-meta":"","adv-header-id-meta":"","stick-header-meta":"","header-above-stick-meta":"","header-main-stick-meta":"","header-below-stick-meta":""},"_links":{"self":[{"href":"https:\/\/www.fundacioitinerarium.org\/ca\/wp-json\/wp\/v2\/pages\/1258"}],"collection":[{"href":"https:\/\/www.fundacioitinerarium.org\/ca\/wp-json\/wp\/v2\/pages"}],"about":[{"href":"https:\/\/www.fundacioitinerarium.org\/ca\/wp-json\/wp\/v2\/types\/page"}],"author":[{"embeddable":true,"href":"https:\/\/www.fundacioitinerarium.org\/ca\/wp-json\/wp\/v2\/users\/1"}],"replies":[{"embeddable":true,"href":"https:\/\/www.fundacioitinerarium.org\/ca\/wp-json\/wp\/v2\/comments?post=1258"}],"version-history":[{"count":9,"href":"https:\/\/www.fundacioitinerarium.org\/ca\/wp-json\/wp\/v2\/pages\/1258\/revisions"}],"predecessor-version":[{"id":1783,"href":"https:\/\/www.fundacioitinerarium.org\/ca\/wp-json\/wp\/v2\/pages\/1258\/revisions\/1783"}],"wp:attachment":[{"href":"https:\/\/www.fundacioitinerarium.org\/ca\/wp-json\/wp\/v2\/media?parent=1258"}],"curies":[{"name":"wp","href":"https:\/\/api.w.org\/{rel}","templated":true}]}}