{"id":1275,"date":"2022-04-22T10:41:59","date_gmt":"2022-04-22T10:41:59","guid":{"rendered":"https:\/\/dev.fundacioitinerarium.org\/historia\/"},"modified":"2022-09-23T11:30:31","modified_gmt":"2022-09-23T11:30:31","slug":"historia","status":"publish","type":"page","link":"https:\/\/www.fundacioitinerarium.org\/ca\/historia\/","title":{"rendered":"Hist\u00f2ria"},"content":{"rendered":"\t\t<div data-elementor-type=\"wp-page\" data-elementor-id=\"1275\" class=\"elementor elementor-1275\">\n\t\t\t\t\t\t\t\t\t<section class=\"elementor-section elementor-top-section elementor-element elementor-element-cc2f6fe elementor-section-boxed elementor-section-height-default elementor-section-height-default\" data-id=\"cc2f6fe\" data-element_type=\"section\">\n\t\t\t\t\t\t<div class=\"elementor-container elementor-column-gap-default\">\n\t\t\t\t\t<div class=\"elementor-column elementor-col-100 elementor-top-column elementor-element elementor-element-18ffd71\" data-id=\"18ffd71\" data-element_type=\"column\">\n\t\t\t<div class=\"elementor-widget-wrap elementor-element-populated\">\n\t\t\t\t\t\t\t\t<div class=\"elementor-element elementor-element-4f681a0 elementor-widget elementor-widget-heading\" data-id=\"4f681a0\" data-element_type=\"widget\" data-widget_type=\"heading.default\">\n\t\t\t\t<div class=\"elementor-widget-container\">\n\t\t\t<style>\/*! elementor - v3.8.1 - 13-11-2022 *\/\n.elementor-heading-title{padding:0;margin:0;line-height:1}.elementor-widget-heading .elementor-heading-title[class*=elementor-size-]>a{color:inherit;font-size:inherit;line-height:inherit}.elementor-widget-heading .elementor-heading-title.elementor-size-small{font-size:15px}.elementor-widget-heading .elementor-heading-title.elementor-size-medium{font-size:19px}.elementor-widget-heading .elementor-heading-title.elementor-size-large{font-size:29px}.elementor-widget-heading .elementor-heading-title.elementor-size-xl{font-size:39px}.elementor-widget-heading .elementor-heading-title.elementor-size-xxl{font-size:59px}<\/style><h2 class=\"elementor-heading-title elementor-size-default\">Hist\u00f2ria<\/h2>\t\t<\/div>\n\t\t\t\t<\/div>\n\t\t\t\t<div class=\"elementor-element elementor-element-d32fb62 elementor-widget elementor-widget-timeline-widget-addon\" data-id=\"d32fb62\" data-element_type=\"widget\" data-widget_type=\"timeline-widget-addon.default\">\n\t\t\t\t<div class=\"elementor-widget-container\">\n\t\t\t<!-- ========= Timeline Widget Addon For Elementor 1.4 ========= -->\r\n<div id=\"twae-wrapper-d32fb62\" class=\"twae-vertical twae-wrapper  twae-both-sided \">   \r\n    <div class=\"twae-start\"><\/div>    \r\n    <div id=\"twea-timeline-d32fb62\" class=\"twae-timeline\" ><div id=\"story-49a638a\" class=\"twae-story twae-repeater-item twae-story-right twae-story-icon\">\r\n                <div class=\"twae-labels\" ><div class=\"twae-label-big\">2010<\/div><\/div><div class=\"twae-icon\"><\/div><div class=\"twae-arrow\"><\/div><div class=\"twae-content\"><div class=\"twae-title\">Neix la Fundaci\u00f3 Itinerarium<\/div><div class=\"twae-description\"><p>Narc\u00eds Vives crea la Fundaci\u00f3 Itinerarium<\/p><\/div>\r\n                <\/div>\r\n        <\/div><div id=\"story-cd4fd2a\" class=\"twae-story twae-repeater-item twae-story-left twae-story-icon\">\r\n                <div class=\"twae-labels\" ><div class=\"twae-label-big\">2010<\/div><\/div><div class=\"twae-icon\"><\/div><div class=\"twae-arrow\"><\/div><div class=\"twae-content\"><div class=\"twae-title\">Techonomy<\/div><div class=\"twae-description\"><p>La Fundaci\u00f3 Itinerarium participa al Techonomy amb ponents com Jack Dorsey (Twitter)<\/p><\/div>\r\n                <\/div>\r\n        <\/div><div id=\"story-8b590a1\" class=\"twae-story twae-repeater-item twae-story-right twae-story-icon\">\r\n                <div class=\"twae-labels\" ><div class=\"twae-label-big\">2012<\/div><\/div><div class=\"twae-icon\"><\/div><div class=\"twae-arrow\"><\/div><div class=\"twae-content\"><div class=\"twae-title\">Tipografia Anna<\/div><div class=\"twae-description\"><p>Neix la primera tipografia social: Anna<\/p><\/div>\r\n                <\/div>\r\n        <\/div><div id=\"story-f15507c\" class=\"twae-story twae-repeater-item twae-story-left twae-story-icon\">\r\n                <div class=\"twae-labels\" ><div class=\"twae-label-big\">2013<\/div><\/div><div class=\"twae-icon\"><\/div><div class=\"twae-arrow\"><\/div><div class=\"twae-content\"><div class=\"twae-title\">\u00das de la tipografia Anna<\/div><div class=\"twae-description\"><p>La lletra Anna d\u00f3na la volta al m\u00f3n, la porten des del FC Barcelona fins a River Plate a l'Argentina.<\/p><\/div>\r\n                <\/div>\r\n        <\/div><div id=\"story-ee863fc\" class=\"twae-story twae-repeater-item twae-story-right twae-story-icon\">\r\n                <div class=\"twae-labels\" ><div class=\"twae-label-big\">2014<\/div><\/div><div class=\"twae-icon\"><\/div><div class=\"twae-arrow\"><\/div><div class=\"twae-content\"><div class=\"twae-title\">Inclusive Circuits<\/div><div class=\"twae-description\"><p>El primer circuit inclusiu a la natura.<\/p><\/div>\r\n                <\/div>\r\n        <\/div><div id=\"story-727814d\" class=\"twae-story twae-repeater-item twae-story-left twae-story-icon\">\r\n                <div class=\"twae-labels\" ><div class=\"twae-label-big\">2015<\/div><\/div><div class=\"twae-icon\"><\/div><div class=\"twae-arrow\"><\/div><div class=\"twae-content\"><div class=\"twae-title\">Universidad Cat\u00f3lica de Chile<\/div><div class=\"twae-description\"><p>Donaci\u00f3 a la Universidad Cat\u00f3lica de Chile<\/p><\/div>\r\n                <\/div>\r\n        <\/div><div id=\"story-8281823\" class=\"twae-story twae-repeater-item twae-story-right twae-story-icon\">\r\n                <div class=\"twae-labels\" ><div class=\"twae-label-big\">2016<\/div><\/div><div class=\"twae-icon\"><\/div><div class=\"twae-arrow\"><\/div><div class=\"twae-content\"><div class=\"twae-title\">Joan Robots<\/div><div class=\"twae-description\"><p>Creaci\u00f3 de robots amb materials reciclats.<\/p><\/div>\r\n                <\/div>\r\n        <\/div><div id=\"story-d5a6744\" class=\"twae-story twae-repeater-item twae-story-left twae-story-icon\">\r\n                <div class=\"twae-labels\" ><div class=\"twae-label-big\">2017<\/div><\/div><div class=\"twae-icon\"><\/div><div class=\"twae-arrow\"><\/div><div class=\"twae-content\"><div class=\"twae-title\">Inclusive Football<\/div><div class=\"twae-description\"><p>Metodologia creada per la\u00a0Fundaci\u00f3\u00a0Itinerarium\u00a0on els nois\/as -amb i sense necessitats especials-entrenen i juguen a futbol junts dins de la mateixa estructura d'un club esportiu.<br \/><br \/>Es va jugar el primer FC Barcelona - Real Madrid inclusiu de la hist\u00f2ria.<\/p><\/div>\r\n                <\/div>\r\n        <\/div><div id=\"story-41a0a64\" class=\"twae-story twae-repeater-item twae-story-right twae-story-icon\">\r\n                <div class=\"twae-labels\" ><div class=\"twae-label-big\">2017<\/div><div class=\"twae-label-small\">Setembre<\/div><\/div><div class=\"twae-icon\"><\/div><div class=\"twae-arrow\"><\/div><div class=\"twae-content\"><div class=\"twae-title\">I Premi Anna Vives<\/div><div class=\"twae-description\"><p>El premi, organitzat per la Fundaci\u00f3\u00a0Itinerarium, reivindica la integraci\u00f3 de les persones amb necessitats especials en les empreses.<\/p><p>El president de la Generalitat de Catalunya, Carles Puigdemont ha lliurat l'I Premi Anna Vives al projecte 'Te lo reciclo' d'Orange que busca identificar i distingir iniciatives actives per part d'empreses o emprenedors que promoguin la veritable inclusi\u00f3 social de les persones amb necessitats especials.<\/p><\/div>\r\n                <\/div>\r\n        <\/div><div id=\"story-3b675ad\" class=\"twae-story twae-repeater-item twae-story-left twae-story-icon\">\r\n                <div class=\"twae-labels\" ><div class=\"twae-label-big\">2018<\/div><\/div><div class=\"twae-icon\"><\/div><div class=\"twae-arrow\"><\/div><div class=\"twae-content\"><div class=\"twae-title\">La empresa m\u00e1s loca del mundo<\/div><div class=\"twae-description\"><p>La primera s\u00e8rie inclusiva.<br \/><br \/>Aquesta \u00e9s la hist\u00f2ria inspiradora d'una jove amb S\u00edndrome de Down, una corredora cega i altres tres \u201cincapacitats\u201d, que al costat de cinc genis m\u00e9s i Bella, l'atenta gosseta del grup, demostraran ser capa\u00e7os de tot. S'organitzen sota LA EMPRESA M\u00c1S LOCA DEL MUNDO i, convertits en superherois quotidians, la seva missi\u00f3 ser\u00e0 resoldre problemes dels quals ning\u00fa s'ocupa.<\/p><\/div>\r\n                <\/div>\r\n        <\/div><div id=\"story-c88d104\" class=\"twae-story twae-repeater-item twae-story-right twae-story-icon\">\r\n                <div class=\"twae-labels\" ><div class=\"twae-label-big\">2019<\/div><\/div><div class=\"twae-icon\"><\/div><div class=\"twae-arrow\"><\/div><div class=\"twae-content\"><div class=\"twae-title\">Box 21<\/div><div class=\"twae-description\"><div class=\"traductor-textarea form-group\"><div class=\"textarea-desti col-xs-12 col-sm-6\"><div class=\"form-control second-textarea\">El\u00a0BOX21\u00a0de la\u00a0Fundaci\u00f3\u00a0Itinerarium\u00a0\u00e9s una estructura\u00a0que vol ajudar a millorar la qualitat de vida de les persones amb necessitats especials mitjan\u00e7ant la creaci\u00f3 de \u00a021 processos educatius i socials.<\/div><\/div><\/div><div class=\"traductor-checkbox form-group\"><div class=\"row\"><div class=\"col-sm-offset-2 col-sm-5\">\u00a0<\/div><\/div><\/div><\/div>\r\n                <\/div>\r\n        <\/div><div id=\"story-453b4b0\" class=\"twae-story twae-repeater-item twae-story-left twae-story-icon\">\r\n                <div class=\"twae-labels\" ><div class=\"twae-label-big\">2019<\/div><div class=\"twae-label-small\">Juny<\/div><\/div><div class=\"twae-icon\"><\/div><div class=\"twae-arrow\"><\/div><div class=\"twae-content\"><div class=\"twae-title\">II Premi Anna Vives <\/div><div class=\"twae-description\"><p>Lliurament de l'II Premi Anna Vives al costat de Quim Torra a 'Eventos con Alma'.<\/p><\/div>\r\n                <\/div>\r\n        <\/div><div id=\"story-856eb05\" class=\"twae-story twae-repeater-item twae-story-right twae-story-icon\">\r\n                <div class=\"twae-labels\" ><div class=\"twae-label-big\">2020<\/div><\/div><div class=\"twae-icon\"><\/div><div class=\"twae-arrow\"><\/div><div class=\"twae-content\"><div class=\"twae-title\">Farmlab<\/div><div class=\"twae-description\"><p>Centre d'innovaci\u00f3 rural per a evitar la despoblaci\u00f3, lluitar contra la crisi clim\u00e0tica i fomentar la vida al camp amb l'\u00fas de les noves tecnologies.<br \/>El \u2018Bulli\u2019\u00a0de la innovaci\u00f3 rural.<\/p><\/div>\r\n                <\/div>\r\n        <\/div><div id=\"story-350a9b5\" class=\"twae-story twae-repeater-item twae-story-left twae-story-icon\">\r\n                <div class=\"twae-labels\" ><div class=\"twae-label-big\">2021<\/div><\/div><div class=\"twae-icon\"><\/div><div class=\"twae-arrow\"><\/div><div class=\"twae-content\"><div class=\"twae-title\">Mobile Week Rupit<\/div><div class=\"twae-description\"><p>Jornades realitzades en el marc de la Mobile World Congress al poble de Rupit. Confer\u00e8ncies i tallers sobre la tecnologia al m\u00f3n rural.<\/p><\/div>\r\n                <\/div>\r\n        <\/div><div id=\"story-3671560\" class=\"twae-story twae-repeater-item twae-story-right twae-story-icon\">\r\n                <div class=\"twae-labels\" ><div class=\"twae-label-big\">2022<\/div><div class=\"twae-label-small\">Gener<\/div><\/div><div class=\"twae-icon\"><\/div><div class=\"twae-arrow\"><\/div><div class=\"twae-content\"><div class=\"twae-title\">III Premi Anna Vives<\/div><div class=\"twae-description\"><p>Ana Rosell rep el III Premi Anna Vives' per la seva traject\u00f2ria en la inclusi\u00f3 de la dona en el m\u00f3n del futbol. El seu objectiu sempre ha estat que qualsevol noia que vulgui pugui jugar a futbol.<\/p><\/div>\r\n                <\/div>\r\n        <\/div><div id=\"story-869fe33\" class=\"twae-story twae-repeater-item twae-story-left twae-story-icon\">\r\n                <div class=\"twae-labels\" ><div class=\"twae-label-big\">2022<\/div><div class=\"twae-label-small\">Juny<\/div><\/div><div class=\"twae-icon\"><\/div><div class=\"twae-arrow\"><\/div><div class=\"twae-content\"><div class=\"twae-title\">Farmlab Week Rupit<\/div><div class=\"twae-description\"><p>Jornades sobre la Dona i el m\u00f3n rural, visita del Farmlab (Farmbot, permacultura, vaques robotitzades, estudi de cabirols...) confer\u00e8ncies i tallers.<\/p><\/div>\r\n                <\/div>\r\n        <\/div><\/div>\r\n    <div class=\"twae-end\"><\/div>\r\n    <\/div><style type=\"text\/css\">.elementor-1275 .elementor-element.elementor-element-d32fb62 .twae-wrapper.twae-vertical .twae-story{margin-bottom:60px!important}.elementor-1275 .elementor-element.elementor-element-d32fb62 .twae-wrapper{--tw-cbx-title-color:#000000;}.elementor-1275 .elementor-element.elementor-element-d32fb62 .twae-wrapper{--tw-lbl-big-color:#000000;}.elementor-1275 .elementor-element.elementor-element-d32fb62 .twae-wrapper{--tw-ibx-bg:#000000;}.elementor-1275 .elementor-element.elementor-element-d32fb62 .twae-wrapper{--tw-cbx-bg:#FFFFFF}.elementor-1275 .elementor-element.elementor-element-d32fb62 .twae-label-big{font-size:34px;font-weight:bold;}.elementor-1275 .elementor-element.elementor-element-d32fb62 .twae-wrapper{--tw-lbl-big-size:34px}<\/style>\t\t<\/div>\n\t\t\t\t<\/div>\n\t\t\t\t\t<\/div>\n\t\t<\/div>\n\t\t\t\t\t\t\t<\/div>\n\t\t<\/section>\n\t\t\t\t<section class=\"elementor-section elementor-top-section elementor-element elementor-element-77932f3d elementor-section-boxed elementor-section-height-default elementor-section-height-default\" data-id=\"77932f3d\" data-element_type=\"section\">\n\t\t\t\t\t\t<div class=\"elementor-container elementor-column-gap-default\">\n\t\t\t\t\t<div class=\"elementor-column elementor-col-50 elementor-top-column elementor-element elementor-element-b74542e\" data-id=\"b74542e\" data-element_type=\"column\">\n\t\t\t<div class=\"elementor-widget-wrap elementor-element-populated\">\n\t\t\t\t\t\t\t\t<div class=\"elementor-element elementor-element-c7a5c93 elementor-align-right elementor-mobile-align-center elementor-widget elementor-widget-button\" data-id=\"c7a5c93\" data-element_type=\"widget\" data-widget_type=\"button.default\">\n\t\t\t\t<div class=\"elementor-widget-container\">\n\t\t\t\t\t<div class=\"elementor-button-wrapper\">\n\t\t\t<a href=\"https:\/\/dev.fundacioitinerarium.org\/ca\/qui-som\/\" target=\"_blank\" class=\"elementor-button-link elementor-button elementor-size-lg\" role=\"button\">\n\t\t\t\t\t\t<span class=\"elementor-button-content-wrapper\">\n\t\t\t\t\t\t<span class=\"elementor-button-text\">Nosaltres<\/span>\n\t\t<\/span>\n\t\t\t\t\t<\/a>\n\t\t<\/div>\n\t\t\t\t<\/div>\n\t\t\t\t<\/div>\n\t\t\t\t\t<\/div>\n\t\t<\/div>\n\t\t\t\t<div class=\"elementor-column elementor-col-50 elementor-top-column elementor-element elementor-element-5698b06b\" data-id=\"5698b06b\" data-element_type=\"column\">\n\t\t\t<div class=\"elementor-widget-wrap elementor-element-populated\">\n\t\t\t\t\t\t\t\t<div class=\"elementor-element elementor-element-20ab5f66 elementor-align-left elementor-mobile-align-center elementor-widget elementor-widget-button\" data-id=\"20ab5f66\" data-element_type=\"widget\" data-widget_type=\"button.default\">\n\t\t\t\t<div class=\"elementor-widget-container\">\n\t\t\t\t\t<div class=\"elementor-button-wrapper\">\n\t\t\t<a href=\"https:\/\/dev.fundacioitinerarium.org\/ca\/patronat\/\" target=\"_blank\" class=\"elementor-button-link elementor-button elementor-size-lg\" role=\"button\">\n\t\t\t\t\t\t<span class=\"elementor-button-content-wrapper\">\n\t\t\t\t\t\t<span class=\"elementor-button-text\">Patronat<\/span>\n\t\t<\/span>\n\t\t\t\t\t<\/a>\n\t\t<\/div>\n\t\t\t\t<\/div>\n\t\t\t\t<\/div>\n\t\t\t\t\t<\/div>\n\t\t<\/div>\n\t\t\t\t\t\t\t<\/div>\n\t\t<\/section>\n\t\t\t\t\t\t\t<\/div>\n\t\t","protected":false},"excerpt":{"rendered":"<p>Hist\u00f2ria 2010 Neix la Fundaci\u00f3 Itinerarium Narc\u00eds Vives crea la Fundaci\u00f3 Itinerarium 2010 Techonomy La Fundaci\u00f3 Itinerarium participa al Techonomy amb ponents com Jack Dorsey (Twitter) 2012 Tipografia Anna Neix la primera tipografia social: Anna 2013 \u00das de la tipografia Anna La lletra Anna d\u00f3na la volta al m\u00f3n, la porten des del FC Barcelona &hellip;<\/p>\n<p class=\"read-more\"> <a class=\"\" href=\"https:\/\/www.fundacioitinerarium.org\/ca\/historia\/\"> <span class=\"screen-reader-text\">Hist\u00f2ria<\/span> Read More \u00bb<\/a><\/p>\n","protected":false},"author":1,"featured_media":0,"parent":0,"menu_order":0,"comment_status":"closed","ping_status":"closed","template":"","meta":{"site-sidebar-layout":"no-sidebar","site-content-layout":"page-builder","ast-global-header-display":"","ast-main-header-display":"","ast-hfb-above-header-display":"","ast-hfb-below-header-display":"","ast-hfb-mobile-header-display":"","site-post-title":"disabled","ast-breadcrumbs-content":"","ast-featured-img":"disabled","footer-sml-layout":"","theme-transparent-header-meta":"","adv-header-id-meta":"","stick-header-meta":"","header-above-stick-meta":"","header-main-stick-meta":"","header-below-stick-meta":""},"_links":{"self":[{"href":"https:\/\/www.fundacioitinerarium.org\/ca\/wp-json\/wp\/v2\/pages\/1275"}],"collection":[{"href":"https:\/\/www.fundacioitinerarium.org\/ca\/wp-json\/wp\/v2\/pages"}],"about":[{"href":"https:\/\/www.fundacioitinerarium.org\/ca\/wp-json\/wp\/v2\/types\/page"}],"author":[{"embeddable":true,"href":"https:\/\/www.fundacioitinerarium.org\/ca\/wp-json\/wp\/v2\/users\/1"}],"replies":[{"embeddable":true,"href":"https:\/\/www.fundacioitinerarium.org\/ca\/wp-json\/wp\/v2\/comments?post=1275"}],"version-history":[{"count":16,"href":"https:\/\/www.fundacioitinerarium.org\/ca\/wp-json\/wp\/v2\/pages\/1275\/revisions"}],"predecessor-version":[{"id":1535,"href":"https:\/\/www.fundacioitinerarium.org\/ca\/wp-json\/wp\/v2\/pages\/1275\/revisions\/1535"}],"wp:attachment":[{"href":"https:\/\/www.fundacioitinerarium.org\/ca\/wp-json\/wp\/v2\/media?parent=1275"}],"curies":[{"name":"wp","href":"https:\/\/api.w.org\/{rel}","templated":true}]}}