{"id":1859,"date":"2025-01-23T08:11:19","date_gmt":"2025-01-23T08:11:19","guid":{"rendered":"https:\/\/www.fundacioitinerarium.org\/building-futures\/"},"modified":"2025-01-24T09:00:43","modified_gmt":"2025-01-24T09:00:43","slug":"building-futures","status":"publish","type":"page","link":"https:\/\/www.fundacioitinerarium.org\/ca\/building-futures\/","title":{"rendered":"Building Futures"},"content":{"rendered":"\t\t<div data-elementor-type=\"wp-page\" data-elementor-id=\"1859\" class=\"elementor elementor-1859\">\n\t\t\t\t\t\t\t\t\t<section class=\"elementor-section elementor-top-section elementor-element elementor-element-9958ea9 elementor-section-boxed elementor-section-height-default elementor-section-height-default\" data-id=\"9958ea9\" data-element_type=\"section\">\n\t\t\t\t\t\t<div class=\"elementor-container elementor-column-gap-default\">\n\t\t\t\t\t<div class=\"elementor-column elementor-col-100 elementor-top-column elementor-element elementor-element-587b646\" data-id=\"587b646\" data-element_type=\"column\">\n\t\t\t<div class=\"elementor-widget-wrap elementor-element-populated\">\n\t\t\t\t\t\t\t\t<div class=\"elementor-element elementor-element-e338d00 elementor-widget elementor-widget-image\" data-id=\"e338d00\" data-element_type=\"widget\" data-widget_type=\"image.default\">\n\t\t\t\t<div class=\"elementor-widget-container\">\n\t\t\t<style>\/*! elementor - v3.8.1 - 13-11-2022 *\/\n.elementor-widget-image{text-align:center}.elementor-widget-image a{display:inline-block}.elementor-widget-image a img[src$=\".svg\"]{width:48px}.elementor-widget-image img{vertical-align:middle;display:inline-block}<\/style>\t\t\t\t\t\t\t\t\t\t\t\t<img decoding=\"async\" width=\"1004\" height=\"492\" src=\"https:\/\/www.fundacioitinerarium.org\/wp-content\/uploads\/2025\/01\/building.jpg\" class=\"attachment-large size-large\" alt=\"\" loading=\"lazy\" srcset=\"https:\/\/www.fundacioitinerarium.org\/wp-content\/uploads\/2025\/01\/building.jpg 1004w, https:\/\/www.fundacioitinerarium.org\/wp-content\/uploads\/2025\/01\/building-300x147.jpg 300w, https:\/\/www.fundacioitinerarium.org\/wp-content\/uploads\/2025\/01\/building-768x376.jpg 768w\" sizes=\"(max-width: 1004px) 100vw, 1004px\" \/>\t\t\t\t\t\t\t\t\t\t\t\t\t\t\t<\/div>\n\t\t\t\t<\/div>\n\t\t\t\t<section class=\"elementor-section elementor-inner-section elementor-element elementor-element-1f9caf6 elementor-section-boxed elementor-section-height-default elementor-section-height-default\" data-id=\"1f9caf6\" data-element_type=\"section\">\n\t\t\t\t\t\t<div class=\"elementor-container elementor-column-gap-wider\">\n\t\t\t\t\t<div class=\"elementor-column elementor-col-50 elementor-inner-column elementor-element elementor-element-fe300db\" data-id=\"fe300db\" data-element_type=\"column\">\n\t\t\t<div class=\"elementor-widget-wrap elementor-element-populated\">\n\t\t\t\t\t\t\t\t<div class=\"elementor-element elementor-element-3beb291 elementor-widget elementor-widget-text-editor\" data-id=\"3beb291\" data-element_type=\"widget\" data-widget_type=\"text-editor.default\">\n\t\t\t\t<div class=\"elementor-widget-container\">\n\t\t\t<style>\/*! elementor - v3.8.1 - 13-11-2022 *\/\n.elementor-widget-text-editor.elementor-drop-cap-view-stacked .elementor-drop-cap{background-color:#818a91;color:#fff}.elementor-widget-text-editor.elementor-drop-cap-view-framed .elementor-drop-cap{color:#818a91;border:3px solid;background-color:transparent}.elementor-widget-text-editor:not(.elementor-drop-cap-view-default) .elementor-drop-cap{margin-top:8px}.elementor-widget-text-editor:not(.elementor-drop-cap-view-default) .elementor-drop-cap-letter{width:1em;height:1em}.elementor-widget-text-editor .elementor-drop-cap{float:left;text-align:center;line-height:1;font-size:50px}.elementor-widget-text-editor .elementor-drop-cap-letter{display:inline-block}<\/style>\t\t\t\t<p id=\"m_4211881192036604895m_8796116861780200461m_-6156701861406869737m_1799137232175744720m_-3452823316686983959docs-internal-guid-354f0f7c-7fff-8b38-6f91-6e32c875c268\" dir=\"ltr\"><strong><span style=\"font-family: verdana, sans-serif;\">La Fundaci\u00f3 Itinerarium i l&#8217;Escola de Noves Oportunitats Noima impulsen el projecte Building Futures per oferir un futur igualitari als joves que han abandonat el sistema educatiu, apropant-los a la tecnologia.<\/span><\/strong><\/p><p dir=\"ltr\"><span style=\"font-family: verdana, sans-serif;\">La <strong>Fundaci\u00f3 Itinerarium<\/strong> i <a href=\"https:\/\/noima.cat\/\" target=\"_blank\" rel=\"noopener\"><strong>l\u2019escola de noves oportunitats Noima<\/strong><\/a>, impulsada per <strong>La Fageda Fundaci\u00f3<\/strong>, en col\u00b7laboraci\u00f3 amb l\u2019<strong>Ajuntament d\u2019Olot<\/strong>, han posat en marxa el projecte Building\u00a0Futures.\u00a0Aquest projecte t\u00e9 per objectiu garantir que joves d&#8217;entre 14 i 24 anys que han abandonat el sistema educatiu o no participen en cap recurs formatiu o laboral adquireixin les 12 compet\u00e8ncies b\u00e0siques necess\u00e0ries per al segle XXI. Es tracta d\u2019una iniciativa que t\u00e9 com a eix central apropar la tecnologia a aquests\/es joves, oferint-los les eines i coneixements que necessiten per construir-se un futur amb igualtat d\u2019oportunitats.<\/span><\/p><p dir=\"ltr\"><span style=\"font-family: verdana, sans-serif;\"><strong>Noima<\/strong>, ara amb la col\u00b7laboraci\u00f3 de la Fundaci\u00f3 Itinerarium, ofereix als joves itineraris formatius i acompanyament personalitzat per ajudar-los a definir i executar els seus projectes vitals des de la motivaci\u00f3 i la confian\u00e7a. La missi\u00f3 de Noima \u00e9s ser un agent de transformaci\u00f3 social que permeti a aquests\/es joves trobar el seu cam\u00ed i desenvolupar tot el seu potencial, contribuint a una societat m\u00e9s justa. Des de la seva posada en marxa al 2022, l\u2019escola de noves oportunitats de la Garrotxa, ha format a m\u00e9s de 300 joves i, en el curs 2024-25, n\u2019est\u00e0 formant i acompanyant a un total de 167 joves.<\/span><\/p>\t\t\t\t\t\t<\/div>\n\t\t\t\t<\/div>\n\t\t\t\t\t<\/div>\n\t\t<\/div>\n\t\t\t\t<div class=\"elementor-column elementor-col-50 elementor-inner-column elementor-element elementor-element-a887ce9\" data-id=\"a887ce9\" data-element_type=\"column\" data-settings=\"{&quot;background_background&quot;:&quot;classic&quot;}\">\n\t\t\t<div class=\"elementor-widget-wrap\">\n\t\t\t\t\t\t\t\t\t<\/div>\n\t\t<\/div>\n\t\t\t\t\t\t\t<\/div>\n\t\t<\/section>\n\t\t\t\t<section class=\"elementor-section elementor-inner-section elementor-element elementor-element-09da899 elementor-section-boxed elementor-section-height-default elementor-section-height-default\" data-id=\"09da899\" data-element_type=\"section\">\n\t\t\t\t\t\t<div class=\"elementor-container elementor-column-gap-wider\">\n\t\t\t\t\t<div class=\"elementor-column elementor-col-50 elementor-inner-column elementor-element elementor-element-033716f\" data-id=\"033716f\" data-element_type=\"column\" data-settings=\"{&quot;background_background&quot;:&quot;classic&quot;}\">\n\t\t\t<div class=\"elementor-widget-wrap\">\n\t\t\t\t\t\t\t\t\t<\/div>\n\t\t<\/div>\n\t\t\t\t<div class=\"elementor-column elementor-col-50 elementor-inner-column elementor-element elementor-element-1809af9\" data-id=\"1809af9\" data-element_type=\"column\">\n\t\t\t<div class=\"elementor-widget-wrap elementor-element-populated\">\n\t\t\t\t\t\t\t\t<div class=\"elementor-element elementor-element-5dd5789 elementor-widget elementor-widget-text-editor\" data-id=\"5dd5789\" data-element_type=\"widget\" data-widget_type=\"text-editor.default\">\n\t\t\t\t<div class=\"elementor-widget-container\">\n\t\t\t\t\t\t\t<p dir=\"ltr\">Durant l&#8217;any 2024, la Fundaci\u00f3 Itinerarium, en col\u00b7laboraci\u00f3 amb diverses entitats i institucions, ha impulsat el projecte &#8220;Farmlab 2024: Cap a la Inclusi\u00f3 Digital al M\u00f3n Rural&#8221;\u00a0amb el suport de la Secretaria de Pol\u00edtiques Digitals del Departament d&#8217;Empresa i Treball de la Generalitat de Catalunya.\u00a0<\/p><p dir=\"ltr\">Aquesta iniciativa s&#8217;ha dissenyat amb l&#8217;objectiu principal de reduir la bretxa digital en entorns rurals, mitjan\u00e7ant la formaci\u00f3, l\u2019acompanyament i la divulgaci\u00f3 de les TIC, amb un enfocament centrat en col\u00b7lectius vulnerables com ara dones emprenedores, joves en risc d\u2019exclusi\u00f3, persones amb discapacitat i gent gran.\u00a0<\/p><p dir=\"ltr\"><strong>El projecte es va comprometre a desenvolupar accions concretes per:\u00a0<\/strong><\/p><ol><li dir=\"ltr\">Promoure la inclusi\u00f3 digital d&#8217;aquests col\u00b7lectius.\u00a0<\/li><li dir=\"ltr\">Potenciar l&#8217;acc\u00e9s i l&#8217;\u00fas proactiu de les tecnologies digitals.\u00a0<\/li><li dir=\"ltr\">Generar oportunitats econ\u00f2miques i laborals sostenibles en entorns rurals.\u00a0<\/li><li dir=\"ltr\">Fomentar el sentiment de pertinen\u00e7a i arrelament al territori per evitar la despoblaci\u00f3.<\/li><\/ol>\t\t\t\t\t\t<\/div>\n\t\t\t\t<\/div>\n\t\t\t\t\t<\/div>\n\t\t<\/div>\n\t\t\t\t\t\t\t<\/div>\n\t\t<\/section>\n\t\t\t\t<section class=\"elementor-section elementor-inner-section elementor-element elementor-element-8865225 elementor-section-boxed elementor-section-height-default elementor-section-height-default\" data-id=\"8865225\" data-element_type=\"section\">\n\t\t\t\t\t\t<div class=\"elementor-container elementor-column-gap-default\">\n\t\t\t\t\t<div class=\"elementor-column elementor-col-100 elementor-inner-column elementor-element elementor-element-071f003\" data-id=\"071f003\" data-element_type=\"column\">\n\t\t\t<div class=\"elementor-widget-wrap elementor-element-populated\">\n\t\t\t\t\t\t\t\t<div class=\"elementor-element elementor-element-c3cc15c elementor-widget elementor-widget-heading\" data-id=\"c3cc15c\" data-element_type=\"widget\" data-widget_type=\"heading.default\">\n\t\t\t\t<div class=\"elementor-widget-container\">\n\t\t\t<style>\/*! elementor - v3.8.1 - 13-11-2022 *\/\n.elementor-heading-title{padding:0;margin:0;line-height:1}.elementor-widget-heading .elementor-heading-title[class*=elementor-size-]>a{color:inherit;font-size:inherit;line-height:inherit}.elementor-widget-heading .elementor-heading-title.elementor-size-small{font-size:15px}.elementor-widget-heading .elementor-heading-title.elementor-size-medium{font-size:19px}.elementor-widget-heading .elementor-heading-title.elementor-size-large{font-size:29px}.elementor-widget-heading .elementor-heading-title.elementor-size-xl{font-size:39px}.elementor-widget-heading .elementor-heading-title.elementor-size-xxl{font-size:59px}<\/style><h2 class=\"elementor-heading-title elementor-size-default\">Els resultats i l'impacte de cadascun dels subprojectes desenvolupats, s\u00f3n: <\/h2>\t\t<\/div>\n\t\t\t\t<\/div>\n\t\t\t\t<div class=\"elementor-element elementor-element-583b9e6 elementor-icon-list--layout-traditional elementor-list-item-link-full_width elementor-widget elementor-widget-icon-list\" data-id=\"583b9e6\" data-element_type=\"widget\" data-widget_type=\"icon-list.default\">\n\t\t\t\t<div class=\"elementor-widget-container\">\n\t\t\t<link rel=\"stylesheet\" href=\"https:\/\/www.fundacioitinerarium.org\/wp-content\/plugins\/elementor\/assets\/css\/widget-icon-list.min.css\">\t\t<ul class=\"elementor-icon-list-items\">\n\t\t\t\t\t\t\t<li class=\"elementor-icon-list-item\">\n\t\t\t\t\t\t\t\t\t\t\t<span class=\"elementor-icon-list-icon\">\n\t\t\t\t\t\t\t<i aria-hidden=\"true\" class=\"fas fa-arrow-right\"><\/i>\t\t\t\t\t\t<\/span>\n\t\t\t\t\t\t\t\t\t\t<span class=\"elementor-icon-list-text\"><b>Projecte 'Coneixent el meu entorn' (Curr\u00edculum Local): <\/b> Desenvolupament d\u2019un joc de pistes geolocalitzat amb la plataforma Eduloc360, empoderant joves i persones grans mitjan\u00e7ant la tecnologia i el coneixement del territori. <\/span>\n\t\t\t\t\t\t\t\t\t<\/li>\n\t\t\t\t\t\t\t\t<li class=\"elementor-icon-list-item\">\n\t\t\t\t\t\t\t\t\t\t\t<span class=\"elementor-icon-list-icon\">\n\t\t\t\t\t\t\t<i aria-hidden=\"true\" class=\"fas fa-arrow-right\"><\/i>\t\t\t\t\t\t<\/span>\n\t\t\t\t\t\t\t\t\t\t<span class=\"elementor-icon-list-text\"><b>Hort Digital: <\/b>Introducci\u00f3 de tecnologies IoT aplicades a l'agricultura sostenible, inspirant-se en experi\u00e8ncies internacionals com \"The Electric Garden\" per fomentar la curiositat cient\u00edfica i les compet\u00e8ncies del segle XXI. <\/span>\n\t\t\t\t\t\t\t\t\t<\/li>\n\t\t\t\t\t\t\t\t<li class=\"elementor-icon-list-item\">\n\t\t\t\t\t\t\t\t\t\t\t<span class=\"elementor-icon-list-icon\">\n\t\t\t\t\t\t\t<i aria-hidden=\"true\" class=\"fas fa-arrow-right\"><\/i>\t\t\t\t\t\t<\/span>\n\t\t\t\t\t\t\t\t\t\t<span class=\"elementor-icon-list-text\"><b>Taller de comunicaci\u00f3\/Plat\u00f3 de TV: <\/b>Millora de les habilitats comunicatives i digitals dels participants, a trav\u00e9s de sessions pr\u00e0ctiques amb material audiovisual professional i el suport d\u2019experts com la periodista Montse Vidal. <\/span>\n\t\t\t\t\t\t\t\t\t<\/li>\n\t\t\t\t\t\t\t\t<li class=\"elementor-icon-list-item\">\n\t\t\t\t\t\t\t\t\t\t\t<span class=\"elementor-icon-list-icon\">\n\t\t\t\t\t\t\t<i aria-hidden=\"true\" class=\"fas fa-arrow-right\"><\/i>\t\t\t\t\t\t<\/span>\n\t\t\t\t\t\t\t\t\t\t<span class=\"elementor-icon-list-text\"><b>Taller de dinamitzaci\u00f3 d'una aula de fabricaci\u00f3 Maker: <\/b>\u00das de tecnologies Maker (impressi\u00f3 3D, tall CNC, sublimaci\u00f3) per desenvolupar projectes creatius i fomentar l'emprenedoria en els participants. <\/span>\n\t\t\t\t\t\t\t\t\t<\/li>\n\t\t\t\t\t\t\t\t<li class=\"elementor-icon-list-item\">\n\t\t\t\t\t\t\t\t\t\t\t<span class=\"elementor-icon-list-icon\">\n\t\t\t\t\t\t\t<i aria-hidden=\"true\" class=\"fas fa-arrow-right\"><\/i>\t\t\t\t\t\t<\/span>\n\t\t\t\t\t\t\t\t\t\t<span class=\"elementor-icon-list-text\"><b>Taller de cinema: <\/b>Participaci\u00f3 en la producci\u00f3 d\u2019un cap\u00edtol de la s\u00e8rie inclusiva \u201cLa Empresa m\u00e1s loca del mundo\u201d, destacant valors d\u2019inclusi\u00f3 i treball col\u00b7laboratiu. <\/span>\n\t\t\t\t\t\t\t\t\t<\/li>\n\t\t\t\t\t\t\t\t<li class=\"elementor-icon-list-item\">\n\t\t\t\t\t\t\t\t\t\t\t<span class=\"elementor-icon-list-icon\">\n\t\t\t\t\t\t\t<i aria-hidden=\"true\" class=\"fas fa-arrow-right\"><\/i>\t\t\t\t\t\t<\/span>\n\t\t\t\t\t\t\t\t\t\t<span class=\"elementor-icon-list-text\"><b>III Farmlab Week de Rupit: <\/b>Un esdeveniment clau per visibilitzar iniciatives de dinamitzaci\u00f3 del m\u00f3n rural, amb \u00e8mfasi en la inclusi\u00f3 digital i la participaci\u00f3 femenina, i una agenda rica en pon\u00e8ncies, tallers i activitats.   <\/span>\n\t\t\t\t\t\t\t\t\t<\/li>\n\t\t\t\t\t\t<\/ul>\n\t\t\t\t<\/div>\n\t\t\t\t<\/div>\n\t\t\t\t\t<\/div>\n\t\t<\/div>\n\t\t\t\t\t\t\t<\/div>\n\t\t<\/section>\n\t\t\t\t<section class=\"elementor-section elementor-inner-section elementor-element elementor-element-539829e elementor-section-boxed elementor-section-height-default elementor-section-height-default\" data-id=\"539829e\" data-element_type=\"section\">\n\t\t\t\t\t\t<div class=\"elementor-container elementor-column-gap-wider\">\n\t\t\t\t\t<div class=\"elementor-column elementor-col-50 elementor-inner-column elementor-element elementor-element-746d008\" data-id=\"746d008\" data-element_type=\"column\" data-settings=\"{&quot;background_background&quot;:&quot;classic&quot;}\">\n\t\t\t<div class=\"elementor-widget-wrap\">\n\t\t\t\t\t\t\t\t\t<\/div>\n\t\t<\/div>\n\t\t\t\t<div class=\"elementor-column elementor-col-50 elementor-inner-column elementor-element elementor-element-46b3fac\" data-id=\"46b3fac\" data-element_type=\"column\">\n\t\t\t<div class=\"elementor-widget-wrap elementor-element-populated\">\n\t\t\t\t\t\t\t\t<div class=\"elementor-element elementor-element-8d9cead elementor-widget elementor-widget-heading\" data-id=\"8d9cead\" data-element_type=\"widget\" data-widget_type=\"heading.default\">\n\t\t\t\t<div class=\"elementor-widget-container\">\n\t\t\t<h2 class=\"elementor-heading-title elementor-size-default\">Un futur inclusiu i tecnol\u00f2gic per a tothom<\/h2>\t\t<\/div>\n\t\t\t\t<\/div>\n\t\t\t\t<div class=\"elementor-element elementor-element-6930b2b elementor-widget elementor-widget-text-editor\" data-id=\"6930b2b\" data-element_type=\"widget\" data-widget_type=\"text-editor.default\">\n\t\t\t\t<div class=\"elementor-widget-container\">\n\t\t\t\t\t\t\t<p dir=\"ltr\"><span style=\"font-family: verdana, sans-serif;\"><b>Building Futures<\/b>\u00a0aposta per empoderar els\/les joves, integrant la tecnologia com a eina transformadora en la seva educaci\u00f3 i formaci\u00f3. Aquest projecte no nom\u00e9s els prepara per al m\u00f3n digital, sin\u00f3 que tamb\u00e9 fomenta valors d\u2019inclusi\u00f3, emprenedoria i igualtat d\u2019oportunitats.<\/span><\/p><p dir=\"ltr\"><span style=\"font-family: verdana, sans-serif;\">Amb activitats com la creaci\u00f3 de projectes de geolocalitzaci\u00f3, tallers\u00a0maker\u00a0i producci\u00f3 audiovisual, la Fundaci\u00f3 Itinerarium i Noima reafirmen el seu comprom\u00eds amb un futur on ning\u00fa quedi enrere.<\/span><\/p>\t\t\t\t\t\t<\/div>\n\t\t\t\t<\/div>\n\t\t\t\t<div class=\"elementor-element elementor-element-828cca5 elementor-widget elementor-widget-button\" data-id=\"828cca5\" data-element_type=\"widget\" data-widget_type=\"button.default\">\n\t\t\t\t<div class=\"elementor-widget-container\">\n\t\t\t\t\t<div class=\"elementor-button-wrapper\">\n\t\t\t<a href=\"https:\/\/www.elperiodico.com\/es\/sociedad\/20241218\/itinerarium-futuro-educativo-ninos-112733077\" target=\"_blank\" class=\"elementor-button-link elementor-button elementor-size-sm\" role=\"button\">\n\t\t\t\t\t\t<span class=\"elementor-button-content-wrapper\">\n\t\t\t\t\t\t<span class=\"elementor-button-text\">VEURE NOT\u00cdCIA EL PERI\u00d3DICO<\/span>\n\t\t<\/span>\n\t\t\t\t\t<\/a>\n\t\t<\/div>\n\t\t\t\t<\/div>\n\t\t\t\t<\/div>\n\t\t\t\t\t<\/div>\n\t\t<\/div>\n\t\t\t\t\t\t\t<\/div>\n\t\t<\/section>\n\t\t\t\t<section class=\"elementor-section elementor-inner-section elementor-element elementor-element-c8001de elementor-section-boxed elementor-section-height-default elementor-section-height-default\" data-id=\"c8001de\" data-element_type=\"section\">\n\t\t\t\t\t\t<div class=\"elementor-container elementor-column-gap-default\">\n\t\t\t\t\t<div class=\"elementor-column elementor-col-100 elementor-inner-column elementor-element elementor-element-39548bd\" data-id=\"39548bd\" data-element_type=\"column\">\n\t\t\t<div class=\"elementor-widget-wrap elementor-element-populated\">\n\t\t\t\t\t\t\t\t<div class=\"elementor-element elementor-element-2e622fb elementor-widget elementor-widget-heading\" data-id=\"2e622fb\" data-element_type=\"widget\" data-widget_type=\"heading.default\">\n\t\t\t\t<div class=\"elementor-widget-container\">\n\t\t\t<h2 class=\"elementor-heading-title elementor-size-default\">Amb el suport de:<\/h2>\t\t<\/div>\n\t\t\t\t<\/div>\n\t\t\t\t<div class=\"elementor-element elementor-element-3e1b1b2 elementor-widget elementor-widget-image\" data-id=\"3e1b1b2\" data-element_type=\"widget\" data-widget_type=\"image.default\">\n\t\t\t\t<div class=\"elementor-widget-container\">\n\t\t\t\t\t\t\t\t\t\t\t\t\t\t\t\t<a href=\"https:\/\/empresa.gencat.cat\/ca\/departament\/proteccio-de-dades\/activitats\/llista-per-responsable\/secretaria-politiques-digitals\/\" target=\"_blank\">\n\t\t\t\t\t\t\t<img decoding=\"async\" width=\"373\" height=\"135\" src=\"https:\/\/www.fundacioitinerarium.org\/wp-content\/uploads\/2025\/01\/download.png\" class=\"attachment-large size-large\" alt=\"\" loading=\"lazy\" srcset=\"https:\/\/www.fundacioitinerarium.org\/wp-content\/uploads\/2025\/01\/download.png 373w, https:\/\/www.fundacioitinerarium.org\/wp-content\/uploads\/2025\/01\/download-300x109.png 300w\" sizes=\"(max-width: 373px) 100vw, 373px\" \/>\t\t\t\t\t\t\t\t<\/a>\n\t\t\t\t\t\t\t\t\t\t\t\t\t\t\t<\/div>\n\t\t\t\t<\/div>\n\t\t\t\t\t<\/div>\n\t\t<\/div>\n\t\t\t\t\t\t\t<\/div>\n\t\t<\/section>\n\t\t\t\t\t<\/div>\n\t\t<\/div>\n\t\t\t\t\t\t\t<\/div>\n\t\t<\/section>\n\t\t\t\t\t\t\t<\/div>\n\t\t","protected":false},"excerpt":{"rendered":"<p>La Fundaci\u00f3 Itinerarium i l&#8217;Escola de Noves Oportunitats Noima impulsen el projecte Building Futures per oferir un futur igualitari als joves que han abandonat el sistema educatiu, apropant-los a la tecnologia. La Fundaci\u00f3 Itinerarium i l\u2019escola de noves oportunitats Noima, impulsada per La Fageda Fundaci\u00f3, en col\u00b7laboraci\u00f3 amb l\u2019Ajuntament d\u2019Olot, han posat en marxa el &hellip;<\/p>\n<p class=\"read-more\"> <a class=\"\" href=\"https:\/\/www.fundacioitinerarium.org\/ca\/building-futures\/\"> <span class=\"screen-reader-text\">Building Futures<\/span> Read More \u00bb<\/a><\/p>\n","protected":false},"author":1,"featured_media":0,"parent":0,"menu_order":0,"comment_status":"closed","ping_status":"closed","template":"","meta":{"site-sidebar-layout":"no-sidebar","site-content-layout":"page-builder","ast-global-header-display":"","ast-main-header-display":"","ast-hfb-above-header-display":"","ast-hfb-below-header-display":"","ast-hfb-mobile-header-display":"","site-post-title":"disabled","ast-breadcrumbs-content":"","ast-featured-img":"disabled","footer-sml-layout":"","theme-transparent-header-meta":"","adv-header-id-meta":"","stick-header-meta":"","header-above-stick-meta":"","header-main-stick-meta":"","header-below-stick-meta":""},"_links":{"self":[{"href":"https:\/\/www.fundacioitinerarium.org\/ca\/wp-json\/wp\/v2\/pages\/1859"}],"collection":[{"href":"https:\/\/www.fundacioitinerarium.org\/ca\/wp-json\/wp\/v2\/pages"}],"about":[{"href":"https:\/\/www.fundacioitinerarium.org\/ca\/wp-json\/wp\/v2\/types\/page"}],"author":[{"embeddable":true,"href":"https:\/\/www.fundacioitinerarium.org\/ca\/wp-json\/wp\/v2\/users\/1"}],"replies":[{"embeddable":true,"href":"https:\/\/www.fundacioitinerarium.org\/ca\/wp-json\/wp\/v2\/comments?post=1859"}],"version-history":[{"count":13,"href":"https:\/\/www.fundacioitinerarium.org\/ca\/wp-json\/wp\/v2\/pages\/1859\/revisions"}],"predecessor-version":[{"id":1914,"href":"https:\/\/www.fundacioitinerarium.org\/ca\/wp-json\/wp\/v2\/pages\/1859\/revisions\/1914"}],"wp:attachment":[{"href":"https:\/\/www.fundacioitinerarium.org\/ca\/wp-json\/wp\/v2\/media?parent=1859"}],"curies":[{"name":"wp","href":"https:\/\/api.w.org\/{rel}","templated":true}]}}